{"id":393,"date":"2024-02-13T22:27:55","date_gmt":"2024-02-13T22:27:55","guid":{"rendered":"https:\/\/sistemasgerenciais4.com.br\/escoladolegislativo\/?page_id=393"},"modified":"2025-01-20T03:07:47","modified_gmt":"2025-01-20T03:07:47","slug":"sobre-nos","status":"publish","type":"page","link":"https:\/\/sistemasgerenciais4.com.br\/escoladolegislativo\/sobre-nos\/","title":{"rendered":"Sobre N\u00f3s"},"content":{"rendered":"\t\t<div data-elementor-type=\"wp-page\" data-elementor-id=\"393\" class=\"elementor elementor-393\" data-elementor-post-type=\"page\">\n\t\t\t\t\t\t\t<div class=\"elementor-element elementor-element-6c3a049 e-flex e-con-boxed e-con e-parent\" data-id=\"6c3a049\" data-element_type=\"container\" data-settings=\"{&quot;content_width&quot;:&quot;boxed&quot;}\" data-core-v316-plus=\"true\">\n\t\t\t\t\t<div class=\"e-con-inner\">\n\t\t<div class=\"elementor-element elementor-element-93b54ef e-con-full e-flex e-con e-child\" data-id=\"93b54ef\" data-element_type=\"container\" data-settings=\"{&quot;content_width&quot;:&quot;full&quot;}\">\n\t\t\t\t<div class=\"elementor-element elementor-element-2eac29e elementor-widget elementor-widget-text-editor\" data-id=\"2eac29e\" data-element_type=\"widget\" data-widget_type=\"text-editor.default\">\n\t\t\t\t<div class=\"elementor-widget-container\">\n\t\t\t<style>\/*! elementor - v3.16.0 - 17-10-2023 *\/\n.elementor-widget-text-editor.elementor-drop-cap-view-stacked .elementor-drop-cap{background-color:#69727d;color:#fff}.elementor-widget-text-editor.elementor-drop-cap-view-framed .elementor-drop-cap{color:#69727d;border:3px solid;background-color:transparent}.elementor-widget-text-editor:not(.elementor-drop-cap-view-default) .elementor-drop-cap{margin-top:8px}.elementor-widget-text-editor:not(.elementor-drop-cap-view-default) .elementor-drop-cap-letter{width:1em;height:1em}.elementor-widget-text-editor .elementor-drop-cap{float:left;text-align:center;line-height:1;font-size:50px}.elementor-widget-text-editor .elementor-drop-cap-letter{display:inline-block}<\/style>\t\t\t\t<p>A Escola do Legislativo M\u00e1rio Calv\u00e3o da Silveira foi inaugurada no dia 10 de junho de 2015 com os objetivos de capacitar servidores e parlamentares e promover a forma\u00e7\u00e3o cidad\u00e3 junto \u00e0 sociedade. \u00c9 uma institui\u00e7\u00e3o que busca aproximar a C\u00e2mara Municipal de S\u00e3o Louren\u00e7o da popula\u00e7\u00e3o, por meio da realiza\u00e7\u00e3o de diversas atividades que t\u00eam como foco o di\u00e1logo equilibrado e horizontal.<\/p><p>A Escola de S\u00e3o Louren\u00e7o capacita, produz e divulga conhecimentos ligados ao Poder Legislativo, incentivando a participa\u00e7\u00e3o popular. Alguns projetos desenvolvidos s\u00e3o:<\/p><p><strong>C\u00e2mara Mirim<\/strong>: elege, junto \u00e0s institui\u00e7\u00f5es de ensino de S\u00e3o Louren\u00e7o, vereadores do Ensino Fundamental Anos Finais para que eles possam debater sobre diversas quest\u00f5es do munic\u00edpio de interesse p\u00fablico. A finalidade \u00e9 que os alunos tenham uma experi\u00eancia de atua\u00e7\u00e3o no Poder Legislativo. O mandato \u00e9 de um ano e h\u00e1 cerim\u00f4nia de posse.<\/p><p><strong>Rolezinho da Cidadania \u2013 sem estresse e com divers\u00e3o: <\/strong>\u00e9 um projeto de gamifica\u00e7\u00e3o que busca incentivar os m\u00e9todos ativos de aprendizagem, tornando o ensino da forma\u00e7\u00e3o cidad\u00e3 mais interessante ao lev\u00e1-lo para onde a popula\u00e7\u00e3o passa grande parte do tempo, a internet. Em um contexto de novas m\u00eddias digitais e crescimento do uso das redes sociais, a Escola do Legislativo se preocupa com a inova\u00e7\u00e3o tecnol\u00f3gica. Venha jogar tamb\u00e9m!<\/p><p><strong>Gincana do Saber:<\/strong> divertido jogo de perguntas e respostas sobre a Constitui\u00e7\u00e3o Federal. A competi\u00e7\u00e3o tem duas etapas, a municipal e a regional, envolvendo v\u00e1rias cidades e regi\u00f5es. \u00a0Durante tr\u00eas meses, a C\u00e2mara de S\u00e3o Louren\u00e7o oferece oficinas semanais interativas e l\u00fadicas a fim de preparar os participantes para o game.<\/p><p><strong>Parlamento Jovem<\/strong>: trabalha com estudantes do Ensino M\u00e9dio, que debatem um tema diferente a cada ano para elaborarem propostas de melhoria social. As ideias, discutidas em mais de 150 cidades, s\u00e3o levadas \u00e0 Assembleia de Minas, onde os alunos ocupam os lugares dos deputados na vota\u00e7\u00e3o final. O documento \u00e9 entregue \u00e0 Comiss\u00e3o de Participa\u00e7\u00e3o Popular.<\/p><p>Al\u00e9m disso, a Escola do Legislativo M\u00e1rio Calv\u00e3o da Silveira promove capacita\u00e7\u00f5es para vereadores e funcion\u00e1rios e organiza debates, oficinas, mesas redondas, palestras e cursos abertos a toda a popula\u00e7\u00e3o. Alguns assuntos j\u00e1 abordados foram: or\u00e7amento p\u00fablico, participa\u00e7\u00e3o da mulher nos espa\u00e7os de poder, filosofia, preserva\u00e7\u00e3o da mem\u00f3ria e hist\u00f3ria das C\u00e2maras Municipais, fun\u00e7\u00f5es dos vereadores, entre outros.<\/p><p>A institui\u00e7\u00e3o ainda integra a Rede Mineira de Escolas do Legislativo e a Associa\u00e7\u00e3o Brasileira das Escolas do Legislativo e de Contas, sediada em Bras\u00edlia e ligada ao Senado Federal. Est\u00e1 em constante contato e troca de boas pr\u00e1ticas com diversas entidades, como a Assembleia de Minas Gerais e outras C\u00e2maras Municipais. Com isso, a dire\u00e7\u00e3o busca se reciclar para melhorar e expandir o trabalho que \u00e9 desenvolvido em S\u00e3o Louren\u00e7o.<\/p><p>Outros projetos j\u00e1 foram desenvolvidos, como o \u201cEscola Explica\u201d (v\u00eddeos postados nas redes sociais sobre assuntos ligados \u00e0 atividade legislativa e projetos em tramita\u00e7\u00e3o na C\u00e2mara) e o \u201cJogo da Cidadania\u201d (em parceria com a C\u00e2mara de Pouso Alegre, h\u00e1 o sorteio online de perguntas sobre a Constitui\u00e7\u00e3o Federal cujas respostas podem ser encontradas em fichas digitais previamente distribu\u00eddas entre os participantes).<\/p><p><strong>Quem foi M\u00e1rio Calv\u00e3o<\/strong><\/p><p>A institui\u00e7\u00e3o recebeu o nome do primeiro secret\u00e1rio do quadro de servidores da C\u00e2mara, M\u00e1rio Calv\u00e3o da Silveira, falecido na d\u00e9cada de 1970. Foi uma forma de homenagear todos os funcion\u00e1rios, j\u00e1 que uma das atribui\u00e7\u00f5es da Escola de S\u00e3o Louren\u00e7o \u00e9 justamente a de capacitar os empregados p\u00fablicos do Poder Legislativo e parlamentares.<\/p><p>M\u00e1rio Calv\u00e3o tamb\u00e9m foi vereador por um mandato, momento em que ajudou a realizar o 3\u00ba Congresso Nacional dos Munic\u00edpios, ocorrido entre os dias 15 e 22 de maio de 1954. O evento foi encerrado pelo ent\u00e3o presidente Get\u00falio Vargas, apenas 3 meses antes de sua morte.<br \/>Curta nossa p\u00e1gina no\u00a0<a href=\"https:\/\/www.facebook.com\/Escola-do-Legislativo-de-S%C3%A3o-Louren%C3%A7o-721208668053849\/\">Facebook<\/a> e acompanhe o nosso trabalho.<\/p>\t\t\t\t\t\t<\/div>\n\t\t\t\t<\/div>\n\t\t\t\t<\/div>\n\t\t<div class=\"elementor-element elementor-element-db6866c e-con-full e-flex e-con e-child\" data-id=\"db6866c\" data-element_type=\"container\" data-settings=\"{&quot;content_width&quot;:&quot;full&quot;,&quot;background_background&quot;:&quot;classic&quot;}\">\n\t\t\t\t<div class=\"elementor-element elementor-element-dce79be elementor-widget elementor-widget-heading\" data-id=\"dce79be\" data-element_type=\"widget\" data-widget_type=\"heading.default\">\n\t\t\t\t<div class=\"elementor-widget-container\">\n\t\t\t<style>\/*! elementor - v3.16.0 - 17-10-2023 *\/\n.elementor-heading-title{padding:0;margin:0;line-height:1}.elementor-widget-heading .elementor-heading-title[class*=elementor-size-]>a{color:inherit;font-size:inherit;line-height:inherit}.elementor-widget-heading .elementor-heading-title.elementor-size-small{font-size:15px}.elementor-widget-heading .elementor-heading-title.elementor-size-medium{font-size:19px}.elementor-widget-heading .elementor-heading-title.elementor-size-large{font-size:29px}.elementor-widget-heading .elementor-heading-title.elementor-size-xl{font-size:39px}.elementor-widget-heading .elementor-heading-title.elementor-size-xxl{font-size:59px}<\/style><h5 class=\"elementor-heading-title elementor-size-default\">JOGOS DE NOSSAS COLE\u00c7\u00d5ES<\/h5>\t\t<\/div>\n\t\t\t\t<\/div>\n\t\t\t\t<div class=\"elementor-element elementor-element-eed951d elementor-grid-1 elementor-posts--thumbnail-left elementor-grid-tablet-2 elementor-grid-mobile-1 elementor-widget elementor-widget-posts\" data-id=\"eed951d\" data-element_type=\"widget\" data-settings=\"{&quot;classic_columns&quot;:&quot;1&quot;,&quot;classic_columns_tablet&quot;:&quot;2&quot;,&quot;classic_columns_mobile&quot;:&quot;1&quot;,&quot;classic_row_gap&quot;:{&quot;unit&quot;:&quot;px&quot;,&quot;size&quot;:35,&quot;sizes&quot;:[]},&quot;classic_row_gap_tablet&quot;:{&quot;unit&quot;:&quot;px&quot;,&quot;size&quot;:&quot;&quot;,&quot;sizes&quot;:[]},&quot;classic_row_gap_mobile&quot;:{&quot;unit&quot;:&quot;px&quot;,&quot;size&quot;:&quot;&quot;,&quot;sizes&quot;:[]}}\" data-widget_type=\"posts.classic\">\n\t\t\t\t<div class=\"elementor-widget-container\">\n\t\t\t<link rel=\"stylesheet\" href=\"https:\/\/sistemasgerenciais4.com.br\/escoladolegislativo\/wp-content\/plugins\/elementor-pro\/assets\/css\/widget-posts.min.css\">\t\t<div class=\"elementor-posts-container elementor-posts elementor-posts--skin-classic elementor-grid\">\n\t\t\t\t<article class=\"elementor-post elementor-grid-item post-113 post type-post status-publish format-standard has-post-thumbnail hentry category-nem-so-da-bang-bang-vive-o-velho-oeste category-jogos\">\n\t\t\t\t<a class=\"elementor-post__thumbnail__link\" href=\"https:\/\/sistemasgerenciais4.com.br\/escoladolegislativo\/alguem-apagou-as-placas\/\" tabindex=\"-1\" >\n\t\t\t<div class=\"elementor-post__thumbnail\"><img loading=\"lazy\" decoding=\"async\" width=\"300\" height=\"206\" src=\"https:\/\/sistemasgerenciais4.com.br\/escoladolegislativo\/wp-content\/uploads\/2023\/10\/WhatsApp-Image-2023-10-24-at-16.09.47-300x206.jpeg\" class=\"attachment-medium size-medium wp-image-114\" alt=\"\" srcset=\"https:\/\/sistemasgerenciais4.com.br\/escoladolegislativo\/wp-content\/uploads\/2023\/10\/WhatsApp-Image-2023-10-24-at-16.09.47-300x206.jpeg 300w, https:\/\/sistemasgerenciais4.com.br\/escoladolegislativo\/wp-content\/uploads\/2023\/10\/WhatsApp-Image-2023-10-24-at-16.09.47-768x528.jpeg 768w, https:\/\/sistemasgerenciais4.com.br\/escoladolegislativo\/wp-content\/uploads\/2023\/10\/WhatsApp-Image-2023-10-24-at-16.09.47.jpeg 872w\" sizes=\"auto, (max-width: 300px) 100vw, 300px\" \/><\/div>\n\t\t<\/a>\n\t\t\t\t<div class=\"elementor-post__text\">\n\t\t\t\t<h3 class=\"elementor-post__title\">\n\t\t\t<a href=\"https:\/\/sistemasgerenciais4.com.br\/escoladolegislativo\/alguem-apagou-as-placas\/\" >\n\t\t\t\tAlgu\u00e9m apagou as placas\t\t\t<\/a>\n\t\t<\/h3>\n\t\t\t\t<div class=\"elementor-post__excerpt\">\n\t\t\t<p>As placas da cidade foram depredadas. Ajude o xerife a consert\u00e1-las ao escolher as palavras corretas para preencher as lacunas. VER MAIS JOGOS DA MESMA\u00a0CATEGORIA<\/p>\n\t\t<\/div>\n\t\t\n\t\t<a class=\"elementor-post__read-more\" href=\"https:\/\/sistemasgerenciais4.com.br\/escoladolegislativo\/alguem-apagou-as-placas\/\" aria-label=\"Read more about Algu\u00e9m apagou as placas\" tabindex=\"-1\" >\n\t\t\tJogar \u00bb\t\t<\/a>\n\n\t\t\t\t<\/div>\n\t\t\t\t<\/article>\n\t\t\t\t<article class=\"elementor-post elementor-grid-item post-119 post type-post status-publish format-standard has-post-thumbnail hentry category-nem-so-da-bang-bang-vive-o-velho-oeste category-jogos\">\n\t\t\t\t<a class=\"elementor-post__thumbnail__link\" href=\"https:\/\/sistemasgerenciais4.com.br\/escoladolegislativo\/quanta-bagunca\/\" tabindex=\"-1\" >\n\t\t\t<div class=\"elementor-post__thumbnail\"><img loading=\"lazy\" decoding=\"async\" width=\"300\" height=\"206\" src=\"https:\/\/sistemasgerenciais4.com.br\/escoladolegislativo\/wp-content\/uploads\/2023\/10\/WhatsApp-Image-2023-10-24-at-16.15.47-300x206.jpeg\" class=\"attachment-medium size-medium wp-image-120\" alt=\"\" srcset=\"https:\/\/sistemasgerenciais4.com.br\/escoladolegislativo\/wp-content\/uploads\/2023\/10\/WhatsApp-Image-2023-10-24-at-16.15.47-300x206.jpeg 300w, https:\/\/sistemasgerenciais4.com.br\/escoladolegislativo\/wp-content\/uploads\/2023\/10\/WhatsApp-Image-2023-10-24-at-16.15.47-768x528.jpeg 768w, https:\/\/sistemasgerenciais4.com.br\/escoladolegislativo\/wp-content\/uploads\/2023\/10\/WhatsApp-Image-2023-10-24-at-16.15.47.jpeg 872w\" sizes=\"auto, (max-width: 300px) 100vw, 300px\" \/><\/div>\n\t\t<\/a>\n\t\t\t\t<div class=\"elementor-post__text\">\n\t\t\t\t<h3 class=\"elementor-post__title\">\n\t\t\t<a href=\"https:\/\/sistemasgerenciais4.com.br\/escoladolegislativo\/quanta-bagunca\/\" >\n\t\t\t\tQuanta bagun\u00e7a\t\t\t<\/a>\n\t\t<\/h3>\n\t\t\t\t<div class=\"elementor-post__excerpt\">\n\t\t\t<p>Olha s\u00f3 essa confus\u00e3o. Voc\u00ea foi contratado para resolver o problema e colocar as palavras em ordem. VER MAIS JOGOS DA MESMA\u00a0CATEGORIA<\/p>\n\t\t<\/div>\n\t\t\n\t\t<a class=\"elementor-post__read-more\" href=\"https:\/\/sistemasgerenciais4.com.br\/escoladolegislativo\/quanta-bagunca\/\" aria-label=\"Read more about Quanta bagun\u00e7a\" tabindex=\"-1\" >\n\t\t\tJogar \u00bb\t\t<\/a>\n\n\t\t\t\t<\/div>\n\t\t\t\t<\/article>\n\t\t\t\t<article class=\"elementor-post elementor-grid-item post-89 post type-post status-publish format-standard has-post-thumbnail hentry category-ja-aqueceu-o-cerebro-aprenda-mais-na-biblioteca-magica category-jogos\">\n\t\t\t\t<a class=\"elementor-post__thumbnail__link\" href=\"https:\/\/sistemasgerenciais4.com.br\/escoladolegislativo\/oriente-o-gatinho-em-seu-primeiro-voo-de-vassoura\/\" tabindex=\"-1\" >\n\t\t\t<div class=\"elementor-post__thumbnail\"><img loading=\"lazy\" decoding=\"async\" width=\"300\" height=\"219\" src=\"https:\/\/sistemasgerenciais4.com.br\/escoladolegislativo\/wp-content\/uploads\/2023\/10\/WhatsApp-Image-2023-10-19-at-17.17.52-300x219.jpeg\" class=\"attachment-medium size-medium wp-image-88\" alt=\"\" srcset=\"https:\/\/sistemasgerenciais4.com.br\/escoladolegislativo\/wp-content\/uploads\/2023\/10\/WhatsApp-Image-2023-10-19-at-17.17.52-300x219.jpeg 300w, https:\/\/sistemasgerenciais4.com.br\/escoladolegislativo\/wp-content\/uploads\/2023\/10\/WhatsApp-Image-2023-10-19-at-17.17.52-1024x748.jpeg 1024w, https:\/\/sistemasgerenciais4.com.br\/escoladolegislativo\/wp-content\/uploads\/2023\/10\/WhatsApp-Image-2023-10-19-at-17.17.52-768x561.jpeg 768w, https:\/\/sistemasgerenciais4.com.br\/escoladolegislativo\/wp-content\/uploads\/2023\/10\/WhatsApp-Image-2023-10-19-at-17.17.52-1536x1122.jpeg 1536w, https:\/\/sistemasgerenciais4.com.br\/escoladolegislativo\/wp-content\/uploads\/2023\/10\/WhatsApp-Image-2023-10-19-at-17.17.52.jpeg 1600w\" sizes=\"auto, (max-width: 300px) 100vw, 300px\" \/><\/div>\n\t\t<\/a>\n\t\t\t\t<div class=\"elementor-post__text\">\n\t\t\t\t<h3 class=\"elementor-post__title\">\n\t\t\t<a href=\"https:\/\/sistemasgerenciais4.com.br\/escoladolegislativo\/oriente-o-gatinho-em-seu-primeiro-voo-de-vassoura\/\" >\n\t\t\t\tOriente o gatinho em seu primeiro voo de vassoura\t\t\t<\/a>\n\t\t<\/h3>\n\t\t\t\t<div class=\"elementor-post__excerpt\">\n\t\t\t<p>O gatinho Ron est\u00e1 aprendendo a voar na vassoura. A primeira tarefa \u00e9 encostar somente nos c\u00edrculos corretos. Como ainda \u00e9 um filhotinho, s\u00f3 tem<\/p>\n\t\t<\/div>\n\t\t\n\t\t<a class=\"elementor-post__read-more\" href=\"https:\/\/sistemasgerenciais4.com.br\/escoladolegislativo\/oriente-o-gatinho-em-seu-primeiro-voo-de-vassoura\/\" aria-label=\"Read more about Oriente o gatinho em seu primeiro voo de vassoura\" tabindex=\"-1\" >\n\t\t\tJogar \u00bb\t\t<\/a>\n\n\t\t\t\t<\/div>\n\t\t\t\t<\/article>\n\t\t\t\t<article class=\"elementor-post elementor-grid-item post-103 post type-post status-publish format-standard has-post-thumbnail hentry category-nem-so-da-bang-bang-vive-o-velho-oeste category-jogos\">\n\t\t\t\t<a class=\"elementor-post__thumbnail__link\" href=\"https:\/\/sistemasgerenciais4.com.br\/escoladolegislativo\/tem-toupeira-querendo-enganar-voce\/\" tabindex=\"-1\" >\n\t\t\t<div class=\"elementor-post__thumbnail\"><img loading=\"lazy\" decoding=\"async\" width=\"300\" height=\"206\" src=\"https:\/\/sistemasgerenciais4.com.br\/escoladolegislativo\/wp-content\/uploads\/2023\/10\/WhatsApp-Image-2023-10-24-at-16.00.01-300x206.jpeg\" class=\"attachment-medium size-medium wp-image-104\" alt=\"\" srcset=\"https:\/\/sistemasgerenciais4.com.br\/escoladolegislativo\/wp-content\/uploads\/2023\/10\/WhatsApp-Image-2023-10-24-at-16.00.01-300x206.jpeg 300w, https:\/\/sistemasgerenciais4.com.br\/escoladolegislativo\/wp-content\/uploads\/2023\/10\/WhatsApp-Image-2023-10-24-at-16.00.01-768x528.jpeg 768w, https:\/\/sistemasgerenciais4.com.br\/escoladolegislativo\/wp-content\/uploads\/2023\/10\/WhatsApp-Image-2023-10-24-at-16.00.01.jpeg 872w\" sizes=\"auto, (max-width: 300px) 100vw, 300px\" \/><\/div>\n\t\t<\/a>\n\t\t\t\t<div class=\"elementor-post__text\">\n\t\t\t\t<h3 class=\"elementor-post__title\">\n\t\t\t<a href=\"https:\/\/sistemasgerenciais4.com.br\/escoladolegislativo\/tem-toupeira-querendo-enganar-voce\/\" >\n\t\t\t\tTem toupeira querendo enganar voc\u00ea\t\t\t<\/a>\n\t\t<\/h3>\n\t\t\t\t<div class=\"elementor-post__excerpt\">\n\t\t\t<p>As toupeiras do Velho Oeste adoram pregar pe\u00e7as. Clique somente nas placas que trazem as informa\u00e7\u00f5es corretas sobre o presidente da Rep\u00fablica. VER MAIS JOGOS<\/p>\n\t\t<\/div>\n\t\t\n\t\t<a class=\"elementor-post__read-more\" href=\"https:\/\/sistemasgerenciais4.com.br\/escoladolegislativo\/tem-toupeira-querendo-enganar-voce\/\" aria-label=\"Read more about Tem toupeira querendo enganar voc\u00ea\" tabindex=\"-1\" >\n\t\t\tJogar \u00bb\t\t<\/a>\n\n\t\t\t\t<\/div>\n\t\t\t\t<\/article>\n\t\t\t\t<article class=\"elementor-post elementor-grid-item post-128 post type-post status-publish format-standard has-post-thumbnail hentry category-nem-so-da-bang-bang-vive-o-velho-oeste category-jogos\">\n\t\t\t\t<a class=\"elementor-post__thumbnail__link\" href=\"https:\/\/sistemasgerenciais4.com.br\/escoladolegislativo\/cacando-palavras\/\" tabindex=\"-1\" >\n\t\t\t<div class=\"elementor-post__thumbnail\"><img loading=\"lazy\" decoding=\"async\" width=\"300\" height=\"206\" src=\"https:\/\/sistemasgerenciais4.com.br\/escoladolegislativo\/wp-content\/uploads\/2023\/10\/WhatsApp-Image-2023-10-24-at-16.25.53-300x206.jpeg\" class=\"attachment-medium size-medium wp-image-129\" alt=\"\" srcset=\"https:\/\/sistemasgerenciais4.com.br\/escoladolegislativo\/wp-content\/uploads\/2023\/10\/WhatsApp-Image-2023-10-24-at-16.25.53-300x206.jpeg 300w, https:\/\/sistemasgerenciais4.com.br\/escoladolegislativo\/wp-content\/uploads\/2023\/10\/WhatsApp-Image-2023-10-24-at-16.25.53-768x528.jpeg 768w, https:\/\/sistemasgerenciais4.com.br\/escoladolegislativo\/wp-content\/uploads\/2023\/10\/WhatsApp-Image-2023-10-24-at-16.25.53.jpeg 872w\" sizes=\"auto, (max-width: 300px) 100vw, 300px\" \/><\/div>\n\t\t<\/a>\n\t\t\t\t<div class=\"elementor-post__text\">\n\t\t\t\t<h3 class=\"elementor-post__title\">\n\t\t\t<a href=\"https:\/\/sistemasgerenciais4.com.br\/escoladolegislativo\/cacando-palavras\/\" >\n\t\t\t\tCa\u00e7ando palavras\t\t\t<\/a>\n\t\t<\/h3>\n\t\t\t\t<div class=\"elementor-post__excerpt\">\n\t\t\t<p>Quem mora no Velho Oeste precisa saber ca\u00e7ar &#8230;. palavras! E tem muita dica para ajudar voc\u00ea a encontrar todas elas. VER MAIS JOGOS DA<\/p>\n\t\t<\/div>\n\t\t\n\t\t<a class=\"elementor-post__read-more\" href=\"https:\/\/sistemasgerenciais4.com.br\/escoladolegislativo\/cacando-palavras\/\" aria-label=\"Read more about Ca\u00e7ando palavras\" tabindex=\"-1\" >\n\t\t\tJogar \u00bb\t\t<\/a>\n\n\t\t\t\t<\/div>\n\t\t\t\t<\/article>\n\t\t\t\t<article class=\"elementor-post elementor-grid-item post-110 post type-post status-publish format-standard has-post-thumbnail hentry category-nem-so-da-bang-bang-vive-o-velho-oeste category-jogos\">\n\t\t\t\t<a class=\"elementor-post__thumbnail__link\" href=\"https:\/\/sistemasgerenciais4.com.br\/escoladolegislativo\/a-etiqueta-certa-para-cada-roupa\/\" tabindex=\"-1\" >\n\t\t\t<div class=\"elementor-post__thumbnail\"><img loading=\"lazy\" decoding=\"async\" width=\"300\" height=\"206\" src=\"https:\/\/sistemasgerenciais4.com.br\/escoladolegislativo\/wp-content\/uploads\/2023\/10\/WhatsApp-Image-2023-10-24-at-16.06.00-300x206.jpeg\" class=\"attachment-medium size-medium wp-image-111\" alt=\"\" srcset=\"https:\/\/sistemasgerenciais4.com.br\/escoladolegislativo\/wp-content\/uploads\/2023\/10\/WhatsApp-Image-2023-10-24-at-16.06.00-300x206.jpeg 300w, https:\/\/sistemasgerenciais4.com.br\/escoladolegislativo\/wp-content\/uploads\/2023\/10\/WhatsApp-Image-2023-10-24-at-16.06.00-768x528.jpeg 768w, https:\/\/sistemasgerenciais4.com.br\/escoladolegislativo\/wp-content\/uploads\/2023\/10\/WhatsApp-Image-2023-10-24-at-16.06.00.jpeg 872w\" sizes=\"auto, (max-width: 300px) 100vw, 300px\" \/><\/div>\n\t\t<\/a>\n\t\t\t\t<div class=\"elementor-post__text\">\n\t\t\t\t<h3 class=\"elementor-post__title\">\n\t\t\t<a href=\"https:\/\/sistemasgerenciais4.com.br\/escoladolegislativo\/a-etiqueta-certa-para-cada-roupa\/\" >\n\t\t\t\tA etiqueta certa para cada roupa\t\t\t<\/a>\n\t\t<\/h3>\n\t\t\t\t<div class=\"elementor-post__excerpt\">\n\t\t\t<p>Al\u00e9m de saber se a afirma\u00e7\u00e3o \u00e9 verdadeira \u00e9 falsa, voc\u00ea deve pensar r\u00e1pido. As roupas n\u00e3o esperam no varal maluco do Velho Oeste. VER<\/p>\n\t\t<\/div>\n\t\t\n\t\t<a class=\"elementor-post__read-more\" href=\"https:\/\/sistemasgerenciais4.com.br\/escoladolegislativo\/a-etiqueta-certa-para-cada-roupa\/\" aria-label=\"Read more about A etiqueta certa para cada roupa\" tabindex=\"-1\" >\n\t\t\tJogar \u00bb\t\t<\/a>\n\n\t\t\t\t<\/div>\n\t\t\t\t<\/article>\n\t\t\t\t<\/div>\n\t\t\n\t\t\t\t<\/div>\n\t\t\t\t<\/div>\n\t\t\t\t<\/div>\n\t\t\t\t\t<\/div>\n\t\t\t\t<\/div>\n\t\t\t\t\t\t\t<\/div>\n\t\t","protected":false},"excerpt":{"rendered":"<p>A Escola do Legislativo M\u00e1rio Calv\u00e3o da Silveira foi inaugurada no dia 10 de junho de 2015 com os objetivos de capacitar servidores e parlamentares e promover a forma\u00e7\u00e3o cidad\u00e3 junto \u00e0 sociedade. \u00c9 uma institui\u00e7\u00e3o que busca aproximar a C\u00e2mara Municipal de S\u00e3o Louren\u00e7o da popula\u00e7\u00e3o, por meio da realiza\u00e7\u00e3o de diversas atividades que [&hellip;]<\/p>\n","protected":false},"author":1,"featured_media":0,"parent":0,"menu_order":0,"comment_status":"closed","ping_status":"closed","template":"","meta":{"footnotes":""},"class_list":["post-393","page","type-page","status-publish","hentry"],"_links":{"self":[{"href":"https:\/\/sistemasgerenciais4.com.br\/escoladolegislativo\/wp-json\/wp\/v2\/pages\/393","targetHints":{"allow":["GET"]}}],"collection":[{"href":"https:\/\/sistemasgerenciais4.com.br\/escoladolegislativo\/wp-json\/wp\/v2\/pages"}],"about":[{"href":"https:\/\/sistemasgerenciais4.com.br\/escoladolegislativo\/wp-json\/wp\/v2\/types\/page"}],"author":[{"embeddable":true,"href":"https:\/\/sistemasgerenciais4.com.br\/escoladolegislativo\/wp-json\/wp\/v2\/users\/1"}],"replies":[{"embeddable":true,"href":"https:\/\/sistemasgerenciais4.com.br\/escoladolegislativo\/wp-json\/wp\/v2\/comments?post=393"}],"version-history":[{"count":16,"href":"https:\/\/sistemasgerenciais4.com.br\/escoladolegislativo\/wp-json\/wp\/v2\/pages\/393\/revisions"}],"predecessor-version":[{"id":444,"href":"https:\/\/sistemasgerenciais4.com.br\/escoladolegislativo\/wp-json\/wp\/v2\/pages\/393\/revisions\/444"}],"wp:attachment":[{"href":"https:\/\/sistemasgerenciais4.com.br\/escoladolegislativo\/wp-json\/wp\/v2\/media?parent=393"}],"curies":[{"name":"wp","href":"https:\/\/api.w.org\/{rel}","templated":true}]}}