{"id":425,"date":"2024-02-13T22:54:24","date_gmt":"2024-02-13T22:54:24","guid":{"rendered":"https:\/\/sistemasgerenciais4.com.br\/escoladolegislativo\/?page_id=425"},"modified":"2024-02-13T22:55:35","modified_gmt":"2024-02-13T22:55:35","slug":"gincana-do-saber","status":"publish","type":"page","link":"https:\/\/sistemasgerenciais4.com.br\/escoladolegislativo\/gincana-do-saber\/","title":{"rendered":"Gincana do Saber"},"content":{"rendered":"\t\t<div data-elementor-type=\"wp-page\" data-elementor-id=\"425\" class=\"elementor elementor-425\" data-elementor-post-type=\"page\">\n\t\t\t\t\t\t\t<div class=\"elementor-element elementor-element-59a343f3 e-flex e-con-boxed e-con e-parent\" data-id=\"59a343f3\" data-element_type=\"container\" data-settings=\"{&quot;content_width&quot;:&quot;boxed&quot;}\" data-core-v316-plus=\"true\">\n\t\t\t\t\t<div class=\"e-con-inner\">\n\t\t<div class=\"elementor-element elementor-element-2e083f99 e-con-full e-flex e-con e-child\" data-id=\"2e083f99\" data-element_type=\"container\" data-settings=\"{&quot;content_width&quot;:&quot;full&quot;}\">\n\t\t\t\t<div class=\"elementor-element elementor-element-63adf9b9 elementor-widget elementor-widget-text-editor\" data-id=\"63adf9b9\" data-element_type=\"widget\" data-widget_type=\"text-editor.default\">\n\t\t\t\t<div class=\"elementor-widget-container\">\n\t\t\t<style>\/*! elementor - v3.16.0 - 17-10-2023 *\/\n.elementor-widget-text-editor.elementor-drop-cap-view-stacked .elementor-drop-cap{background-color:#69727d;color:#fff}.elementor-widget-text-editor.elementor-drop-cap-view-framed .elementor-drop-cap{color:#69727d;border:3px solid;background-color:transparent}.elementor-widget-text-editor:not(.elementor-drop-cap-view-default) .elementor-drop-cap{margin-top:8px}.elementor-widget-text-editor:not(.elementor-drop-cap-view-default) .elementor-drop-cap-letter{width:1em;height:1em}.elementor-widget-text-editor .elementor-drop-cap{float:left;text-align:center;line-height:1;font-size:50px}.elementor-widget-text-editor .elementor-drop-cap-letter{display:inline-block}<\/style>\t\t\t\t<p>A Gincana do Saber \u00e9 um divertido jogo de perguntas e respostas voltado a estudantes do Ensino Fundamental Anos Finais (6\u00ba ao 9\u00ba anos) regularmente matriculados nas redes p\u00fablica ou privada. A competi\u00e7\u00e3o testa os conhecimentos dos alunos sobre a Constitui\u00e7\u00e3o Federal de uma forma leve e descontra\u00edda, sendo o trof\u00e9u mais valioso o conhecimento adquirido.<\/p><p>Todas as perguntas feitas durante a Gincana do Saber s\u00e3o tiradas da \u201cConstitui\u00e7\u00e3o em Mi\u00fados I\u201d, que explica sobre as leis brasileiras com uma abordagem nada burocr\u00e1tica e de f\u00e1cil compreens\u00e3o, por meio de uma narrativa pr\u00f3pria para a faixa et\u00e1ria de 11 a 14 anos. O livro, lan\u00e7ado pela C\u00e2mara Municipal de Pouso Alegre &#8211; onde por anos a autora, Madu Macedo, ocupou o cargo de diretora da Escola do Legislativo R\u00f4mulo Coelho &#8211; em parceria com o Senado Federal. A obra \u00e9 atualizada todos os anos.<\/p><p>O objetivo do projeto \u00e9 inserir o ensino da pol\u00edtica e do direito constitucional no cotidiano de crian\u00e7as e adolescentes, incentivando-os a se interessarem pelo assunto e formando cidad\u00e3os conscientes e participativos. Por esse motivo, os estudantes que participam da Gincana do Saber frequentam oficinas semanais sobre a \u201cConstitui\u00e7\u00e3o em Mi\u00fados. As atividades s\u00e3o coordenadas pela Escola do Legislativo de S\u00e3o Louren\u00e7o e h\u00e1 o apoio de volunt\u00e1rios.<\/p><p>A Gincana do Saber ocorre em duas etapas. A primeira delas \u00e9 a municipal, em que cada escola pode indicar dois alunos, de acordo com os crit\u00e9rios pr\u00f3prios adotados, para representar a institui\u00e7\u00e3o. A dupla vencedora segue para a fase regional, para onde leva o nome da cidade de S\u00e3o Louren\u00e7o.<\/p><p>No Sul de Minas, a Gincana Regional conta com a presen\u00e7a de cerca de 20 munic\u00edpios. Na fase classificat\u00f3ria, os estudantes s\u00e3o divididos em chaves, por meio de sorteio. A dupla que conquistar o primeiro lugar em cada grupo segue direto para a final, quando as perguntas t\u00eam seu n\u00edvel de dificuldade aumentado. Essa \u00faltima etapa ocorre em um s\u00f3 dia, com equipes de aproximadamente seis cidades diferentes. Todos ganham medalhas e os alunos que ficarem com as tr\u00eas primeiras coloca\u00e7\u00f5es tamb\u00e9m recebem trof\u00e9us.<\/p><p>Algumas regras da Gincana Regional podem ser modificadas de acordo com o munic\u00edpio que a sedia. Costuma-se haver um revezamento entre as cidades que participam do projeto. S\u00e3o Louren\u00e7o recebeu o evento em 2018. <\/p>\t\t\t\t\t\t<\/div>\n\t\t\t\t<\/div>\n\t\t\t\t<\/div>\n\t\t<div class=\"elementor-element elementor-element-463ecef8 e-con-full e-flex e-con e-child\" data-id=\"463ecef8\" data-element_type=\"container\" data-settings=\"{&quot;content_width&quot;:&quot;full&quot;,&quot;background_background&quot;:&quot;classic&quot;}\">\n\t\t\t\t<div class=\"elementor-element elementor-element-3a3587 elementor-widget elementor-widget-heading\" data-id=\"3a3587\" data-element_type=\"widget\" data-widget_type=\"heading.default\">\n\t\t\t\t<div class=\"elementor-widget-container\">\n\t\t\t<style>\/*! elementor - v3.16.0 - 17-10-2023 *\/\n.elementor-heading-title{padding:0;margin:0;line-height:1}.elementor-widget-heading .elementor-heading-title[class*=elementor-size-]>a{color:inherit;font-size:inherit;line-height:inherit}.elementor-widget-heading .elementor-heading-title.elementor-size-small{font-size:15px}.elementor-widget-heading .elementor-heading-title.elementor-size-medium{font-size:19px}.elementor-widget-heading .elementor-heading-title.elementor-size-large{font-size:29px}.elementor-widget-heading .elementor-heading-title.elementor-size-xl{font-size:39px}.elementor-widget-heading .elementor-heading-title.elementor-size-xxl{font-size:59px}<\/style><h5 class=\"elementor-heading-title elementor-size-default\">JOGOS DE NOSSAS COLE\u00c7\u00d5ES<\/h5>\t\t<\/div>\n\t\t\t\t<\/div>\n\t\t\t\t<div class=\"elementor-element elementor-element-585be46a elementor-grid-1 elementor-posts--thumbnail-left elementor-grid-tablet-2 elementor-grid-mobile-1 elementor-widget elementor-widget-posts\" data-id=\"585be46a\" data-element_type=\"widget\" data-settings=\"{&quot;classic_columns&quot;:&quot;1&quot;,&quot;classic_columns_tablet&quot;:&quot;2&quot;,&quot;classic_columns_mobile&quot;:&quot;1&quot;,&quot;classic_row_gap&quot;:{&quot;unit&quot;:&quot;px&quot;,&quot;size&quot;:35,&quot;sizes&quot;:[]},&quot;classic_row_gap_tablet&quot;:{&quot;unit&quot;:&quot;px&quot;,&quot;size&quot;:&quot;&quot;,&quot;sizes&quot;:[]},&quot;classic_row_gap_mobile&quot;:{&quot;unit&quot;:&quot;px&quot;,&quot;size&quot;:&quot;&quot;,&quot;sizes&quot;:[]}}\" data-widget_type=\"posts.classic\">\n\t\t\t\t<div class=\"elementor-widget-container\">\n\t\t\t<link rel=\"stylesheet\" href=\"https:\/\/sistemasgerenciais4.com.br\/escoladolegislativo\/wp-content\/plugins\/elementor-pro\/assets\/css\/widget-posts.min.css\">\t\t<div class=\"elementor-posts-container elementor-posts elementor-posts--skin-classic elementor-grid\">\n\t\t\t\t<article class=\"elementor-post elementor-grid-item post-89 post type-post status-publish format-standard has-post-thumbnail hentry category-ja-aqueceu-o-cerebro-aprenda-mais-na-biblioteca-magica category-jogos\">\n\t\t\t\t<a class=\"elementor-post__thumbnail__link\" href=\"https:\/\/sistemasgerenciais4.com.br\/escoladolegislativo\/oriente-o-gatinho-em-seu-primeiro-voo-de-vassoura\/\" tabindex=\"-1\" >\n\t\t\t<div class=\"elementor-post__thumbnail\"><img loading=\"lazy\" decoding=\"async\" width=\"300\" height=\"219\" src=\"https:\/\/sistemasgerenciais4.com.br\/escoladolegislativo\/wp-content\/uploads\/2023\/10\/WhatsApp-Image-2023-10-19-at-17.17.52-300x219.jpeg\" class=\"attachment-medium size-medium wp-image-88\" alt=\"\" srcset=\"https:\/\/sistemasgerenciais4.com.br\/escoladolegislativo\/wp-content\/uploads\/2023\/10\/WhatsApp-Image-2023-10-19-at-17.17.52-300x219.jpeg 300w, https:\/\/sistemasgerenciais4.com.br\/escoladolegislativo\/wp-content\/uploads\/2023\/10\/WhatsApp-Image-2023-10-19-at-17.17.52-1024x748.jpeg 1024w, https:\/\/sistemasgerenciais4.com.br\/escoladolegislativo\/wp-content\/uploads\/2023\/10\/WhatsApp-Image-2023-10-19-at-17.17.52-768x561.jpeg 768w, https:\/\/sistemasgerenciais4.com.br\/escoladolegislativo\/wp-content\/uploads\/2023\/10\/WhatsApp-Image-2023-10-19-at-17.17.52-1536x1122.jpeg 1536w, https:\/\/sistemasgerenciais4.com.br\/escoladolegislativo\/wp-content\/uploads\/2023\/10\/WhatsApp-Image-2023-10-19-at-17.17.52.jpeg 1600w\" sizes=\"auto, (max-width: 300px) 100vw, 300px\" \/><\/div>\n\t\t<\/a>\n\t\t\t\t<div class=\"elementor-post__text\">\n\t\t\t\t<h3 class=\"elementor-post__title\">\n\t\t\t<a href=\"https:\/\/sistemasgerenciais4.com.br\/escoladolegislativo\/oriente-o-gatinho-em-seu-primeiro-voo-de-vassoura\/\" >\n\t\t\t\tOriente o gatinho em seu primeiro voo de vassoura\t\t\t<\/a>\n\t\t<\/h3>\n\t\t\t\t<div class=\"elementor-post__excerpt\">\n\t\t\t<p>O gatinho Ron est\u00e1 aprendendo a voar na vassoura. A primeira tarefa \u00e9 encostar somente nos c\u00edrculos corretos. Como ainda \u00e9 um filhotinho, s\u00f3 tem<\/p>\n\t\t<\/div>\n\t\t\n\t\t<a class=\"elementor-post__read-more\" href=\"https:\/\/sistemasgerenciais4.com.br\/escoladolegislativo\/oriente-o-gatinho-em-seu-primeiro-voo-de-vassoura\/\" aria-label=\"Read more about Oriente o gatinho em seu primeiro voo de vassoura\" tabindex=\"-1\" >\n\t\t\tJogar \u00bb\t\t<\/a>\n\n\t\t\t\t<\/div>\n\t\t\t\t<\/article>\n\t\t\t\t<article class=\"elementor-post elementor-grid-item post-128 post type-post status-publish format-standard has-post-thumbnail hentry category-nem-so-da-bang-bang-vive-o-velho-oeste category-jogos\">\n\t\t\t\t<a class=\"elementor-post__thumbnail__link\" href=\"https:\/\/sistemasgerenciais4.com.br\/escoladolegislativo\/cacando-palavras\/\" tabindex=\"-1\" >\n\t\t\t<div class=\"elementor-post__thumbnail\"><img loading=\"lazy\" decoding=\"async\" width=\"300\" height=\"206\" src=\"https:\/\/sistemasgerenciais4.com.br\/escoladolegislativo\/wp-content\/uploads\/2023\/10\/WhatsApp-Image-2023-10-24-at-16.25.53-300x206.jpeg\" class=\"attachment-medium size-medium wp-image-129\" alt=\"\" srcset=\"https:\/\/sistemasgerenciais4.com.br\/escoladolegislativo\/wp-content\/uploads\/2023\/10\/WhatsApp-Image-2023-10-24-at-16.25.53-300x206.jpeg 300w, https:\/\/sistemasgerenciais4.com.br\/escoladolegislativo\/wp-content\/uploads\/2023\/10\/WhatsApp-Image-2023-10-24-at-16.25.53-768x528.jpeg 768w, https:\/\/sistemasgerenciais4.com.br\/escoladolegislativo\/wp-content\/uploads\/2023\/10\/WhatsApp-Image-2023-10-24-at-16.25.53.jpeg 872w\" sizes=\"auto, (max-width: 300px) 100vw, 300px\" \/><\/div>\n\t\t<\/a>\n\t\t\t\t<div class=\"elementor-post__text\">\n\t\t\t\t<h3 class=\"elementor-post__title\">\n\t\t\t<a href=\"https:\/\/sistemasgerenciais4.com.br\/escoladolegislativo\/cacando-palavras\/\" >\n\t\t\t\tCa\u00e7ando palavras\t\t\t<\/a>\n\t\t<\/h3>\n\t\t\t\t<div class=\"elementor-post__excerpt\">\n\t\t\t<p>Quem mora no Velho Oeste precisa saber ca\u00e7ar &#8230;. palavras! E tem muita dica para ajudar voc\u00ea a encontrar todas elas. VER MAIS JOGOS DA<\/p>\n\t\t<\/div>\n\t\t\n\t\t<a class=\"elementor-post__read-more\" href=\"https:\/\/sistemasgerenciais4.com.br\/escoladolegislativo\/cacando-palavras\/\" aria-label=\"Read more about Ca\u00e7ando palavras\" tabindex=\"-1\" >\n\t\t\tJogar \u00bb\t\t<\/a>\n\n\t\t\t\t<\/div>\n\t\t\t\t<\/article>\n\t\t\t\t<article class=\"elementor-post elementor-grid-item post-74 post type-post status-publish format-standard has-post-thumbnail hentry category-chegou-agora-embarque-em-uma-aventura-espacial category-jogos\">\n\t\t\t\t<a class=\"elementor-post__thumbnail__link\" href=\"https:\/\/sistemasgerenciais4.com.br\/escoladolegislativo\/nao-seja-uma-toupeira-pratique-a-cidadania\/\" tabindex=\"-1\" >\n\t\t\t<div class=\"elementor-post__thumbnail\"><img loading=\"lazy\" decoding=\"async\" width=\"300\" height=\"202\" src=\"https:\/\/sistemasgerenciais4.com.br\/escoladolegislativo\/wp-content\/uploads\/2023\/10\/WhatsApp-Image-2023-10-19-at-16.46.19-300x202.jpeg\" class=\"attachment-medium size-medium wp-image-75\" alt=\"\" srcset=\"https:\/\/sistemasgerenciais4.com.br\/escoladolegislativo\/wp-content\/uploads\/2023\/10\/WhatsApp-Image-2023-10-19-at-16.46.19-300x202.jpeg 300w, https:\/\/sistemasgerenciais4.com.br\/escoladolegislativo\/wp-content\/uploads\/2023\/10\/WhatsApp-Image-2023-10-19-at-16.46.19-1024x688.jpeg 1024w, https:\/\/sistemasgerenciais4.com.br\/escoladolegislativo\/wp-content\/uploads\/2023\/10\/WhatsApp-Image-2023-10-19-at-16.46.19-768x516.jpeg 768w, https:\/\/sistemasgerenciais4.com.br\/escoladolegislativo\/wp-content\/uploads\/2023\/10\/WhatsApp-Image-2023-10-19-at-16.46.19-1536x1032.jpeg 1536w, https:\/\/sistemasgerenciais4.com.br\/escoladolegislativo\/wp-content\/uploads\/2023\/10\/WhatsApp-Image-2023-10-19-at-16.46.19.jpeg 1600w\" sizes=\"auto, (max-width: 300px) 100vw, 300px\" \/><\/div>\n\t\t<\/a>\n\t\t\t\t<div class=\"elementor-post__text\">\n\t\t\t\t<h3 class=\"elementor-post__title\">\n\t\t\t<a href=\"https:\/\/sistemasgerenciais4.com.br\/escoladolegislativo\/nao-seja-uma-toupeira-pratique-a-cidadania\/\" >\n\t\t\t\tN\u00e3o seja uma toupeira: pratique a cidadania\t\t\t<\/a>\n\t\t<\/h3>\n\t\t\t\t<div class=\"elementor-post__excerpt\">\n\t\t\t<p>As toupeiras do espa\u00e7o querem confundir voc\u00ea, mas n\u00e3o deixe! Basta saber quais s\u00e3o as atitudes cidad\u00e3s e clicar nas placas correspondentes para ganhar o<\/p>\n\t\t<\/div>\n\t\t\n\t\t<a class=\"elementor-post__read-more\" href=\"https:\/\/sistemasgerenciais4.com.br\/escoladolegislativo\/nao-seja-uma-toupeira-pratique-a-cidadania\/\" aria-label=\"Read more about N\u00e3o seja uma toupeira: pratique a cidadania\" tabindex=\"-1\" >\n\t\t\tJogar \u00bb\t\t<\/a>\n\n\t\t\t\t<\/div>\n\t\t\t\t<\/article>\n\t\t\t\t<article class=\"elementor-post elementor-grid-item post-116 post type-post status-publish format-standard has-post-thumbnail hentry category-nem-so-da-bang-bang-vive-o-velho-oeste category-jogos\">\n\t\t\t\t<a class=\"elementor-post__thumbnail__link\" href=\"https:\/\/sistemasgerenciais4.com.br\/escoladolegislativo\/recolha-as-roupas-do-varal\/\" tabindex=\"-1\" >\n\t\t\t<div class=\"elementor-post__thumbnail\"><img loading=\"lazy\" decoding=\"async\" width=\"300\" height=\"206\" src=\"https:\/\/sistemasgerenciais4.com.br\/escoladolegislativo\/wp-content\/uploads\/2023\/10\/WhatsApp-Image-2023-10-24-at-16.12.28-300x206.jpeg\" class=\"attachment-medium size-medium wp-image-117\" alt=\"\" srcset=\"https:\/\/sistemasgerenciais4.com.br\/escoladolegislativo\/wp-content\/uploads\/2023\/10\/WhatsApp-Image-2023-10-24-at-16.12.28-300x206.jpeg 300w, https:\/\/sistemasgerenciais4.com.br\/escoladolegislativo\/wp-content\/uploads\/2023\/10\/WhatsApp-Image-2023-10-24-at-16.12.28-768x528.jpeg 768w, https:\/\/sistemasgerenciais4.com.br\/escoladolegislativo\/wp-content\/uploads\/2023\/10\/WhatsApp-Image-2023-10-24-at-16.12.28.jpeg 872w\" sizes=\"auto, (max-width: 300px) 100vw, 300px\" \/><\/div>\n\t\t<\/a>\n\t\t\t\t<div class=\"elementor-post__text\">\n\t\t\t\t<h3 class=\"elementor-post__title\">\n\t\t\t<a href=\"https:\/\/sistemasgerenciais4.com.br\/escoladolegislativo\/recolha-as-roupas-do-varal\/\" >\n\t\t\t\tRecolha as roupas do varal\t\t\t<\/a>\n\t\t<\/h3>\n\t\t\t\t<div class=\"elementor-post__excerpt\">\n\t\t\t<p>\u00c9 muita poeira e nada fica limpo. Mais uma vez voc\u00ea teve que lavar roupas e sem querer as misturou outras no varal comunit\u00e1rio. Memorize<\/p>\n\t\t<\/div>\n\t\t\n\t\t<a class=\"elementor-post__read-more\" href=\"https:\/\/sistemasgerenciais4.com.br\/escoladolegislativo\/recolha-as-roupas-do-varal\/\" aria-label=\"Read more about Recolha as roupas do varal\" tabindex=\"-1\" >\n\t\t\tJogar \u00bb\t\t<\/a>\n\n\t\t\t\t<\/div>\n\t\t\t\t<\/article>\n\t\t\t\t<article class=\"elementor-post elementor-grid-item post-77 post type-post status-publish format-standard has-post-thumbnail hentry category-chegou-agora-embarque-em-uma-aventura-espacial category-jogos\">\n\t\t\t\t<a class=\"elementor-post__thumbnail__link\" href=\"https:\/\/sistemasgerenciais4.com.br\/escoladolegislativo\/ajude-o-et-a-surfar-pelos-caminho-certo\/\" tabindex=\"-1\" >\n\t\t\t<div class=\"elementor-post__thumbnail\"><img loading=\"lazy\" decoding=\"async\" width=\"300\" height=\"202\" src=\"https:\/\/sistemasgerenciais4.com.br\/escoladolegislativo\/wp-content\/uploads\/2023\/10\/WhatsApp-Image-2023-10-19-at-16.50.13-300x202.jpeg\" class=\"attachment-medium size-medium wp-image-78\" alt=\"\" srcset=\"https:\/\/sistemasgerenciais4.com.br\/escoladolegislativo\/wp-content\/uploads\/2023\/10\/WhatsApp-Image-2023-10-19-at-16.50.13-300x202.jpeg 300w, https:\/\/sistemasgerenciais4.com.br\/escoladolegislativo\/wp-content\/uploads\/2023\/10\/WhatsApp-Image-2023-10-19-at-16.50.13-1024x688.jpeg 1024w, https:\/\/sistemasgerenciais4.com.br\/escoladolegislativo\/wp-content\/uploads\/2023\/10\/WhatsApp-Image-2023-10-19-at-16.50.13-768x516.jpeg 768w, https:\/\/sistemasgerenciais4.com.br\/escoladolegislativo\/wp-content\/uploads\/2023\/10\/WhatsApp-Image-2023-10-19-at-16.50.13-1536x1032.jpeg 1536w, https:\/\/sistemasgerenciais4.com.br\/escoladolegislativo\/wp-content\/uploads\/2023\/10\/WhatsApp-Image-2023-10-19-at-16.50.13.jpeg 1600w\" sizes=\"auto, (max-width: 300px) 100vw, 300px\" \/><\/div>\n\t\t<\/a>\n\t\t\t\t<div class=\"elementor-post__text\">\n\t\t\t\t<h3 class=\"elementor-post__title\">\n\t\t\t<a href=\"https:\/\/sistemasgerenciais4.com.br\/escoladolegislativo\/ajude-o-et-a-surfar-pelos-caminho-certo\/\" >\n\t\t\t\tAjude o ET a surfar pelos caminhos certo\t\t\t<\/a>\n\t\t<\/h3>\n\t\t\t\t<div class=\"elementor-post__excerpt\">\n\t\t\t<p>O conhecimento ilumina. Por isso mesmo o fogo n\u00e3o pode apagar. Na biblioteca m\u00e1gica, uma escolha errada de letra faz a vela diminuir. Voc\u00ea n\u00e3o<\/p>\n\t\t<\/div>\n\t\t\n\t\t<a class=\"elementor-post__read-more\" href=\"https:\/\/sistemasgerenciais4.com.br\/escoladolegislativo\/ajude-o-et-a-surfar-pelos-caminho-certo\/\" aria-label=\"Read more about Ajude o ET a surfar pelos caminhos certo\" tabindex=\"-1\" >\n\t\t\tJogar \u00bb\t\t<\/a>\n\n\t\t\t\t<\/div>\n\t\t\t\t<\/article>\n\t\t\t\t<article class=\"elementor-post elementor-grid-item post-110 post type-post status-publish format-standard has-post-thumbnail hentry category-nem-so-da-bang-bang-vive-o-velho-oeste category-jogos\">\n\t\t\t\t<a class=\"elementor-post__thumbnail__link\" href=\"https:\/\/sistemasgerenciais4.com.br\/escoladolegislativo\/a-etiqueta-certa-para-cada-roupa\/\" tabindex=\"-1\" >\n\t\t\t<div class=\"elementor-post__thumbnail\"><img loading=\"lazy\" decoding=\"async\" width=\"300\" height=\"206\" src=\"https:\/\/sistemasgerenciais4.com.br\/escoladolegislativo\/wp-content\/uploads\/2023\/10\/WhatsApp-Image-2023-10-24-at-16.06.00-300x206.jpeg\" class=\"attachment-medium size-medium wp-image-111\" alt=\"\" srcset=\"https:\/\/sistemasgerenciais4.com.br\/escoladolegislativo\/wp-content\/uploads\/2023\/10\/WhatsApp-Image-2023-10-24-at-16.06.00-300x206.jpeg 300w, https:\/\/sistemasgerenciais4.com.br\/escoladolegislativo\/wp-content\/uploads\/2023\/10\/WhatsApp-Image-2023-10-24-at-16.06.00-768x528.jpeg 768w, https:\/\/sistemasgerenciais4.com.br\/escoladolegislativo\/wp-content\/uploads\/2023\/10\/WhatsApp-Image-2023-10-24-at-16.06.00.jpeg 872w\" sizes=\"auto, (max-width: 300px) 100vw, 300px\" \/><\/div>\n\t\t<\/a>\n\t\t\t\t<div class=\"elementor-post__text\">\n\t\t\t\t<h3 class=\"elementor-post__title\">\n\t\t\t<a href=\"https:\/\/sistemasgerenciais4.com.br\/escoladolegislativo\/a-etiqueta-certa-para-cada-roupa\/\" >\n\t\t\t\tA etiqueta certa para cada roupa\t\t\t<\/a>\n\t\t<\/h3>\n\t\t\t\t<div class=\"elementor-post__excerpt\">\n\t\t\t<p>Al\u00e9m de saber se a afirma\u00e7\u00e3o \u00e9 verdadeira \u00e9 falsa, voc\u00ea deve pensar r\u00e1pido. As roupas n\u00e3o esperam no varal maluco do Velho Oeste. VER<\/p>\n\t\t<\/div>\n\t\t\n\t\t<a class=\"elementor-post__read-more\" href=\"https:\/\/sistemasgerenciais4.com.br\/escoladolegislativo\/a-etiqueta-certa-para-cada-roupa\/\" aria-label=\"Read more about A etiqueta certa para cada roupa\" tabindex=\"-1\" >\n\t\t\tJogar \u00bb\t\t<\/a>\n\n\t\t\t\t<\/div>\n\t\t\t\t<\/article>\n\t\t\t\t<\/div>\n\t\t\n\t\t\t\t<\/div>\n\t\t\t\t<\/div>\n\t\t\t\t<\/div>\n\t\t\t\t\t<\/div>\n\t\t\t\t<\/div>\n\t\t\t\t\t\t\t<\/div>\n\t\t","protected":false},"excerpt":{"rendered":"<p>A Gincana do Saber \u00e9 um divertido jogo de perguntas e respostas voltado a estudantes do Ensino Fundamental Anos Finais (6\u00ba ao 9\u00ba anos) regularmente matriculados nas redes p\u00fablica ou privada. A competi\u00e7\u00e3o testa os conhecimentos dos alunos sobre a Constitui\u00e7\u00e3o Federal de uma forma leve e descontra\u00edda, sendo o trof\u00e9u mais valioso o conhecimento [&hellip;]<\/p>\n","protected":false},"author":1,"featured_media":0,"parent":0,"menu_order":0,"comment_status":"closed","ping_status":"closed","template":"","meta":{"footnotes":""},"class_list":["post-425","page","type-page","status-publish","hentry"],"_links":{"self":[{"href":"https:\/\/sistemasgerenciais4.com.br\/escoladolegislativo\/wp-json\/wp\/v2\/pages\/425","targetHints":{"allow":["GET"]}}],"collection":[{"href":"https:\/\/sistemasgerenciais4.com.br\/escoladolegislativo\/wp-json\/wp\/v2\/pages"}],"about":[{"href":"https:\/\/sistemasgerenciais4.com.br\/escoladolegislativo\/wp-json\/wp\/v2\/types\/page"}],"author":[{"embeddable":true,"href":"https:\/\/sistemasgerenciais4.com.br\/escoladolegislativo\/wp-json\/wp\/v2\/users\/1"}],"replies":[{"embeddable":true,"href":"https:\/\/sistemasgerenciais4.com.br\/escoladolegislativo\/wp-json\/wp\/v2\/comments?post=425"}],"version-history":[{"count":4,"href":"https:\/\/sistemasgerenciais4.com.br\/escoladolegislativo\/wp-json\/wp\/v2\/pages\/425\/revisions"}],"predecessor-version":[{"id":429,"href":"https:\/\/sistemasgerenciais4.com.br\/escoladolegislativo\/wp-json\/wp\/v2\/pages\/425\/revisions\/429"}],"wp:attachment":[{"href":"https:\/\/sistemasgerenciais4.com.br\/escoladolegislativo\/wp-json\/wp\/v2\/media?parent=425"}],"curies":[{"name":"wp","href":"https:\/\/api.w.org\/{rel}","templated":true}]}}