{"id":437,"date":"2025-01-20T03:04:15","date_gmt":"2025-01-20T03:04:15","guid":{"rendered":"https:\/\/sistemasgerenciais4.com.br\/escoladolegislativo\/?page_id=437"},"modified":"2025-02-05T22:20:59","modified_gmt":"2025-02-05T22:20:59","slug":"diretoria","status":"publish","type":"page","link":"https:\/\/sistemasgerenciais4.com.br\/escoladolegislativo\/diretoria\/","title":{"rendered":"Diretoria"},"content":{"rendered":"\t\t<div data-elementor-type=\"wp-page\" data-elementor-id=\"437\" class=\"elementor elementor-437\" data-elementor-post-type=\"page\">\n\t\t\t\t\t\t\t<div class=\"elementor-element elementor-element-567c84e5 e-flex e-con-boxed e-con e-parent\" data-id=\"567c84e5\" data-element_type=\"container\" data-settings=\"{&quot;content_width&quot;:&quot;boxed&quot;}\" data-core-v316-plus=\"true\">\n\t\t\t\t\t<div class=\"e-con-inner\">\n\t\t<div class=\"elementor-element elementor-element-3c68bf4 e-con-full e-flex e-con e-child\" data-id=\"3c68bf4\" data-element_type=\"container\" data-settings=\"{&quot;content_width&quot;:&quot;full&quot;}\">\n\t\t\t\t<div class=\"elementor-element elementor-element-18b76c68 elementor-widget elementor-widget-text-editor\" data-id=\"18b76c68\" data-element_type=\"widget\" data-widget_type=\"text-editor.default\">\n\t\t\t\t<div class=\"elementor-widget-container\">\n\t\t\t<style>\/*! elementor - v3.16.0 - 17-10-2023 *\/\n.elementor-widget-text-editor.elementor-drop-cap-view-stacked .elementor-drop-cap{background-color:#69727d;color:#fff}.elementor-widget-text-editor.elementor-drop-cap-view-framed .elementor-drop-cap{color:#69727d;border:3px solid;background-color:transparent}.elementor-widget-text-editor:not(.elementor-drop-cap-view-default) .elementor-drop-cap{margin-top:8px}.elementor-widget-text-editor:not(.elementor-drop-cap-view-default) .elementor-drop-cap-letter{width:1em;height:1em}.elementor-widget-text-editor .elementor-drop-cap{float:left;text-align:center;line-height:1;font-size:50px}.elementor-widget-text-editor .elementor-drop-cap-letter{display:inline-block}<\/style>\t\t\t\t<p><strong>Presidente:<\/strong> Mariane Silva Papini<br \/><strong>Vice-presidente: <\/strong>Ricardo Luiz Nogueira<br \/><strong>Diretora:<\/strong>\u00a0Mayara Oliveira Silva Gouvea (servidora efetiva)<br \/><strong>Coordenador:<\/strong>\u00a0Rommel Junqueira Fernandes (servidor efetivo)<\/p>\t\t\t\t\t\t<\/div>\n\t\t\t\t<\/div>\n\t\t\t\t<\/div>\n\t\t<div class=\"elementor-element elementor-element-48cbabb e-con-full e-flex e-con e-child\" data-id=\"48cbabb\" data-element_type=\"container\" data-settings=\"{&quot;content_width&quot;:&quot;full&quot;,&quot;background_background&quot;:&quot;classic&quot;}\">\n\t\t\t\t<div class=\"elementor-element elementor-element-6adabcf9 elementor-widget elementor-widget-heading\" data-id=\"6adabcf9\" data-element_type=\"widget\" data-widget_type=\"heading.default\">\n\t\t\t\t<div class=\"elementor-widget-container\">\n\t\t\t<style>\/*! elementor - v3.16.0 - 17-10-2023 *\/\n.elementor-heading-title{padding:0;margin:0;line-height:1}.elementor-widget-heading .elementor-heading-title[class*=elementor-size-]>a{color:inherit;font-size:inherit;line-height:inherit}.elementor-widget-heading .elementor-heading-title.elementor-size-small{font-size:15px}.elementor-widget-heading .elementor-heading-title.elementor-size-medium{font-size:19px}.elementor-widget-heading .elementor-heading-title.elementor-size-large{font-size:29px}.elementor-widget-heading .elementor-heading-title.elementor-size-xl{font-size:39px}.elementor-widget-heading .elementor-heading-title.elementor-size-xxl{font-size:59px}<\/style><h5 class=\"elementor-heading-title elementor-size-default\">JOGOS DE NOSSAS COLE\u00c7\u00d5ES<\/h5>\t\t<\/div>\n\t\t\t\t<\/div>\n\t\t\t\t<div class=\"elementor-element elementor-element-4fbf314e elementor-grid-1 elementor-posts--thumbnail-left elementor-grid-tablet-2 elementor-grid-mobile-1 elementor-widget elementor-widget-posts\" data-id=\"4fbf314e\" data-element_type=\"widget\" data-settings=\"{&quot;classic_columns&quot;:&quot;1&quot;,&quot;classic_columns_tablet&quot;:&quot;2&quot;,&quot;classic_columns_mobile&quot;:&quot;1&quot;,&quot;classic_row_gap&quot;:{&quot;unit&quot;:&quot;px&quot;,&quot;size&quot;:35,&quot;sizes&quot;:[]},&quot;classic_row_gap_tablet&quot;:{&quot;unit&quot;:&quot;px&quot;,&quot;size&quot;:&quot;&quot;,&quot;sizes&quot;:[]},&quot;classic_row_gap_mobile&quot;:{&quot;unit&quot;:&quot;px&quot;,&quot;size&quot;:&quot;&quot;,&quot;sizes&quot;:[]}}\" data-widget_type=\"posts.classic\">\n\t\t\t\t<div class=\"elementor-widget-container\">\n\t\t\t<link rel=\"stylesheet\" href=\"https:\/\/sistemasgerenciais4.com.br\/escoladolegislativo\/wp-content\/plugins\/elementor-pro\/assets\/css\/widget-posts.min.css\">\t\t<div class=\"elementor-posts-container elementor-posts elementor-posts--skin-classic elementor-grid\">\n\t\t\t\t<article class=\"elementor-post elementor-grid-item post-89 post type-post status-publish format-standard has-post-thumbnail hentry category-ja-aqueceu-o-cerebro-aprenda-mais-na-biblioteca-magica category-jogos\">\n\t\t\t\t<a class=\"elementor-post__thumbnail__link\" href=\"https:\/\/sistemasgerenciais4.com.br\/escoladolegislativo\/oriente-o-gatinho-em-seu-primeiro-voo-de-vassoura\/\" tabindex=\"-1\" >\n\t\t\t<div class=\"elementor-post__thumbnail\"><img loading=\"lazy\" decoding=\"async\" width=\"300\" height=\"219\" src=\"https:\/\/sistemasgerenciais4.com.br\/escoladolegislativo\/wp-content\/uploads\/2023\/10\/WhatsApp-Image-2023-10-19-at-17.17.52-300x219.jpeg\" class=\"attachment-medium size-medium wp-image-88\" alt=\"\" srcset=\"https:\/\/sistemasgerenciais4.com.br\/escoladolegislativo\/wp-content\/uploads\/2023\/10\/WhatsApp-Image-2023-10-19-at-17.17.52-300x219.jpeg 300w, https:\/\/sistemasgerenciais4.com.br\/escoladolegislativo\/wp-content\/uploads\/2023\/10\/WhatsApp-Image-2023-10-19-at-17.17.52-1024x748.jpeg 1024w, https:\/\/sistemasgerenciais4.com.br\/escoladolegislativo\/wp-content\/uploads\/2023\/10\/WhatsApp-Image-2023-10-19-at-17.17.52-768x561.jpeg 768w, https:\/\/sistemasgerenciais4.com.br\/escoladolegislativo\/wp-content\/uploads\/2023\/10\/WhatsApp-Image-2023-10-19-at-17.17.52-1536x1122.jpeg 1536w, https:\/\/sistemasgerenciais4.com.br\/escoladolegislativo\/wp-content\/uploads\/2023\/10\/WhatsApp-Image-2023-10-19-at-17.17.52.jpeg 1600w\" sizes=\"auto, (max-width: 300px) 100vw, 300px\" \/><\/div>\n\t\t<\/a>\n\t\t\t\t<div class=\"elementor-post__text\">\n\t\t\t\t<h3 class=\"elementor-post__title\">\n\t\t\t<a href=\"https:\/\/sistemasgerenciais4.com.br\/escoladolegislativo\/oriente-o-gatinho-em-seu-primeiro-voo-de-vassoura\/\" >\n\t\t\t\tOriente o gatinho em seu primeiro voo de vassoura\t\t\t<\/a>\n\t\t<\/h3>\n\t\t\t\t<div class=\"elementor-post__excerpt\">\n\t\t\t<p>O gatinho Ron est\u00e1 aprendendo a voar na vassoura. A primeira tarefa \u00e9 encostar somente nos c\u00edrculos corretos. Como ainda \u00e9 um filhotinho, s\u00f3 tem<\/p>\n\t\t<\/div>\n\t\t\n\t\t<a class=\"elementor-post__read-more\" href=\"https:\/\/sistemasgerenciais4.com.br\/escoladolegislativo\/oriente-o-gatinho-em-seu-primeiro-voo-de-vassoura\/\" aria-label=\"Read more about Oriente o gatinho em seu primeiro voo de vassoura\" tabindex=\"-1\" >\n\t\t\tJogar \u00bb\t\t<\/a>\n\n\t\t\t\t<\/div>\n\t\t\t\t<\/article>\n\t\t\t\t<article class=\"elementor-post elementor-grid-item post-113 post type-post status-publish format-standard has-post-thumbnail hentry category-nem-so-da-bang-bang-vive-o-velho-oeste category-jogos\">\n\t\t\t\t<a class=\"elementor-post__thumbnail__link\" href=\"https:\/\/sistemasgerenciais4.com.br\/escoladolegislativo\/alguem-apagou-as-placas\/\" tabindex=\"-1\" >\n\t\t\t<div class=\"elementor-post__thumbnail\"><img loading=\"lazy\" decoding=\"async\" width=\"300\" height=\"206\" src=\"https:\/\/sistemasgerenciais4.com.br\/escoladolegislativo\/wp-content\/uploads\/2023\/10\/WhatsApp-Image-2023-10-24-at-16.09.47-300x206.jpeg\" class=\"attachment-medium size-medium wp-image-114\" alt=\"\" srcset=\"https:\/\/sistemasgerenciais4.com.br\/escoladolegislativo\/wp-content\/uploads\/2023\/10\/WhatsApp-Image-2023-10-24-at-16.09.47-300x206.jpeg 300w, https:\/\/sistemasgerenciais4.com.br\/escoladolegislativo\/wp-content\/uploads\/2023\/10\/WhatsApp-Image-2023-10-24-at-16.09.47-768x528.jpeg 768w, https:\/\/sistemasgerenciais4.com.br\/escoladolegislativo\/wp-content\/uploads\/2023\/10\/WhatsApp-Image-2023-10-24-at-16.09.47.jpeg 872w\" sizes=\"auto, (max-width: 300px) 100vw, 300px\" \/><\/div>\n\t\t<\/a>\n\t\t\t\t<div class=\"elementor-post__text\">\n\t\t\t\t<h3 class=\"elementor-post__title\">\n\t\t\t<a href=\"https:\/\/sistemasgerenciais4.com.br\/escoladolegislativo\/alguem-apagou-as-placas\/\" >\n\t\t\t\tAlgu\u00e9m apagou as placas\t\t\t<\/a>\n\t\t<\/h3>\n\t\t\t\t<div class=\"elementor-post__excerpt\">\n\t\t\t<p>As placas da cidade foram depredadas. Ajude o xerife a consert\u00e1-las ao escolher as palavras corretas para preencher as lacunas. VER MAIS JOGOS DA MESMA\u00a0CATEGORIA<\/p>\n\t\t<\/div>\n\t\t\n\t\t<a class=\"elementor-post__read-more\" href=\"https:\/\/sistemasgerenciais4.com.br\/escoladolegislativo\/alguem-apagou-as-placas\/\" aria-label=\"Read more about Algu\u00e9m apagou as placas\" tabindex=\"-1\" >\n\t\t\tJogar \u00bb\t\t<\/a>\n\n\t\t\t\t<\/div>\n\t\t\t\t<\/article>\n\t\t\t\t<article class=\"elementor-post elementor-grid-item post-125 post type-post status-publish format-standard has-post-thumbnail hentry category-nem-so-da-bang-bang-vive-o-velho-oeste category-jogos\">\n\t\t\t\t<a class=\"elementor-post__thumbnail__link\" href=\"https:\/\/sistemasgerenciais4.com.br\/escoladolegislativo\/olha-o-trem-fiuiiii\/\" tabindex=\"-1\" >\n\t\t\t<div class=\"elementor-post__thumbnail\"><img loading=\"lazy\" decoding=\"async\" width=\"300\" height=\"206\" src=\"https:\/\/sistemasgerenciais4.com.br\/escoladolegislativo\/wp-content\/uploads\/2023\/10\/WhatsApp-Image-2023-10-24-at-16.21.38-300x206.jpeg\" class=\"attachment-medium size-medium wp-image-126\" alt=\"\" srcset=\"https:\/\/sistemasgerenciais4.com.br\/escoladolegislativo\/wp-content\/uploads\/2023\/10\/WhatsApp-Image-2023-10-24-at-16.21.38-300x206.jpeg 300w, https:\/\/sistemasgerenciais4.com.br\/escoladolegislativo\/wp-content\/uploads\/2023\/10\/WhatsApp-Image-2023-10-24-at-16.21.38-768x528.jpeg 768w, https:\/\/sistemasgerenciais4.com.br\/escoladolegislativo\/wp-content\/uploads\/2023\/10\/WhatsApp-Image-2023-10-24-at-16.21.38.jpeg 872w\" sizes=\"auto, (max-width: 300px) 100vw, 300px\" \/><\/div>\n\t\t<\/a>\n\t\t\t\t<div class=\"elementor-post__text\">\n\t\t\t\t<h3 class=\"elementor-post__title\">\n\t\t\t<a href=\"https:\/\/sistemasgerenciais4.com.br\/escoladolegislativo\/olha-o-trem-fiuiiii\/\" >\n\t\t\t\tOlha o trem: fiu\u00ed\u00ed\u00ed\u00ed!\t\t\t<\/a>\n\t\t<\/h3>\n\t\t\t\t<div class=\"elementor-post__excerpt\">\n\t\t\t<p>O trem est\u00e1 cruzando o Velho Oeste e vai abastecer a cidade de produtos. Mas prateleiras s\u00f3 ser\u00e3o abastecidas se as caixas corretas ca\u00edrem nos<\/p>\n\t\t<\/div>\n\t\t\n\t\t<a class=\"elementor-post__read-more\" href=\"https:\/\/sistemasgerenciais4.com.br\/escoladolegislativo\/olha-o-trem-fiuiiii\/\" aria-label=\"Read more about Olha o trem: fiu\u00ed\u00ed\u00ed\u00ed!\" tabindex=\"-1\" >\n\t\t\tJogar \u00bb\t\t<\/a>\n\n\t\t\t\t<\/div>\n\t\t\t\t<\/article>\n\t\t\t\t<article class=\"elementor-post elementor-grid-item post-122 post type-post status-publish format-standard has-post-thumbnail hentry category-nem-so-da-bang-bang-vive-o-velho-oeste category-jogos\">\n\t\t\t\t<a class=\"elementor-post__thumbnail__link\" href=\"https:\/\/sistemasgerenciais4.com.br\/escoladolegislativo\/um-quiz-no-velho-oeste\/\" tabindex=\"-1\" >\n\t\t\t<div class=\"elementor-post__thumbnail\"><img loading=\"lazy\" decoding=\"async\" width=\"300\" height=\"206\" src=\"https:\/\/sistemasgerenciais4.com.br\/escoladolegislativo\/wp-content\/uploads\/2023\/10\/WhatsApp-Image-2023-10-24-at-16.17.33-300x206.jpeg\" class=\"attachment-medium size-medium wp-image-123\" alt=\"\" srcset=\"https:\/\/sistemasgerenciais4.com.br\/escoladolegislativo\/wp-content\/uploads\/2023\/10\/WhatsApp-Image-2023-10-24-at-16.17.33-300x206.jpeg 300w, https:\/\/sistemasgerenciais4.com.br\/escoladolegislativo\/wp-content\/uploads\/2023\/10\/WhatsApp-Image-2023-10-24-at-16.17.33-768x528.jpeg 768w, https:\/\/sistemasgerenciais4.com.br\/escoladolegislativo\/wp-content\/uploads\/2023\/10\/WhatsApp-Image-2023-10-24-at-16.17.33.jpeg 872w\" sizes=\"auto, (max-width: 300px) 100vw, 300px\" \/><\/div>\n\t\t<\/a>\n\t\t\t\t<div class=\"elementor-post__text\">\n\t\t\t\t<h3 class=\"elementor-post__title\">\n\t\t\t<a href=\"https:\/\/sistemasgerenciais4.com.br\/escoladolegislativo\/um-quiz-no-velho-oeste\/\" >\n\t\t\t\tUm quiz no Velho Oeste\t\t\t<\/a>\n\t\t<\/h3>\n\t\t\t\t<div class=\"elementor-post__excerpt\">\n\t\t\t<p>A professora pediu para que todos os moradores fizessem esse quiz. Quem n\u00e3o chegar ao final vai precisar de aulas de refor\u00e7o. Se voc\u00ea acertar<\/p>\n\t\t<\/div>\n\t\t\n\t\t<a class=\"elementor-post__read-more\" href=\"https:\/\/sistemasgerenciais4.com.br\/escoladolegislativo\/um-quiz-no-velho-oeste\/\" aria-label=\"Read more about Um quiz no Velho Oeste\" tabindex=\"-1\" >\n\t\t\tJogar \u00bb\t\t<\/a>\n\n\t\t\t\t<\/div>\n\t\t\t\t<\/article>\n\t\t\t\t<article class=\"elementor-post elementor-grid-item post-80 post type-post status-publish format-standard has-post-thumbnail hentry category-chegou-agora-embarque-em-uma-aventura-espacial category-jogos\">\n\t\t\t\t<a class=\"elementor-post__thumbnail__link\" href=\"https:\/\/sistemasgerenciais4.com.br\/escoladolegislativo\/labirinto-espacial\/\" tabindex=\"-1\" >\n\t\t\t<div class=\"elementor-post__thumbnail\"><img loading=\"lazy\" decoding=\"async\" width=\"300\" height=\"202\" src=\"https:\/\/sistemasgerenciais4.com.br\/escoladolegislativo\/wp-content\/uploads\/2023\/10\/WhatsApp-Image-2023-10-19-at-16.55.05-300x202.jpeg\" class=\"attachment-medium size-medium wp-image-81\" alt=\"\" srcset=\"https:\/\/sistemasgerenciais4.com.br\/escoladolegislativo\/wp-content\/uploads\/2023\/10\/WhatsApp-Image-2023-10-19-at-16.55.05-300x202.jpeg 300w, https:\/\/sistemasgerenciais4.com.br\/escoladolegislativo\/wp-content\/uploads\/2023\/10\/WhatsApp-Image-2023-10-19-at-16.55.05-1024x688.jpeg 1024w, https:\/\/sistemasgerenciais4.com.br\/escoladolegislativo\/wp-content\/uploads\/2023\/10\/WhatsApp-Image-2023-10-19-at-16.55.05-768x516.jpeg 768w, https:\/\/sistemasgerenciais4.com.br\/escoladolegislativo\/wp-content\/uploads\/2023\/10\/WhatsApp-Image-2023-10-19-at-16.55.05-1536x1032.jpeg 1536w, https:\/\/sistemasgerenciais4.com.br\/escoladolegislativo\/wp-content\/uploads\/2023\/10\/WhatsApp-Image-2023-10-19-at-16.55.05.jpeg 1600w\" sizes=\"auto, (max-width: 300px) 100vw, 300px\" \/><\/div>\n\t\t<\/a>\n\t\t\t\t<div class=\"elementor-post__text\">\n\t\t\t\t<h3 class=\"elementor-post__title\">\n\t\t\t<a href=\"https:\/\/sistemasgerenciais4.com.br\/escoladolegislativo\/labirinto-espacial\/\" >\n\t\t\t\tLabirinto espacial\t\t\t<\/a>\n\t\t<\/h3>\n\t\t\t\t<div class=\"elementor-post__excerpt\">\n\t\t\t<p>O labirinto est\u00e1 cheio de inimigos que se multiplicam a cada fase. A \u00fanica forma de sair \u00e9 desviar deles e entrar em todos os<\/p>\n\t\t<\/div>\n\t\t\n\t\t<a class=\"elementor-post__read-more\" href=\"https:\/\/sistemasgerenciais4.com.br\/escoladolegislativo\/labirinto-espacial\/\" aria-label=\"Read more about Labirinto espacial\" tabindex=\"-1\" >\n\t\t\tJogar \u00bb\t\t<\/a>\n\n\t\t\t\t<\/div>\n\t\t\t\t<\/article>\n\t\t\t\t<article class=\"elementor-post elementor-grid-item post-100 post type-post status-publish format-standard has-post-thumbnail hentry category-nem-so-da-bang-bang-vive-o-velho-oeste category-jogos\">\n\t\t\t\t<a class=\"elementor-post__thumbnail__link\" href=\"https:\/\/sistemasgerenciais4.com.br\/escoladolegislativo\/a-boa-e-velha-cruzadinha\/\" tabindex=\"-1\" >\n\t\t\t<div class=\"elementor-post__thumbnail\"><img loading=\"lazy\" decoding=\"async\" width=\"300\" height=\"206\" src=\"https:\/\/sistemasgerenciais4.com.br\/escoladolegislativo\/wp-content\/uploads\/2023\/10\/WhatsApp-Image-2023-10-24-at-15.57.05-300x206.jpeg\" class=\"attachment-medium size-medium wp-image-101\" alt=\"\" srcset=\"https:\/\/sistemasgerenciais4.com.br\/escoladolegislativo\/wp-content\/uploads\/2023\/10\/WhatsApp-Image-2023-10-24-at-15.57.05-300x206.jpeg 300w, https:\/\/sistemasgerenciais4.com.br\/escoladolegislativo\/wp-content\/uploads\/2023\/10\/WhatsApp-Image-2023-10-24-at-15.57.05-768x528.jpeg 768w, https:\/\/sistemasgerenciais4.com.br\/escoladolegislativo\/wp-content\/uploads\/2023\/10\/WhatsApp-Image-2023-10-24-at-15.57.05.jpeg 872w\" sizes=\"auto, (max-width: 300px) 100vw, 300px\" \/><\/div>\n\t\t<\/a>\n\t\t\t\t<div class=\"elementor-post__text\">\n\t\t\t\t<h3 class=\"elementor-post__title\">\n\t\t\t<a href=\"https:\/\/sistemasgerenciais4.com.br\/escoladolegislativo\/a-boa-e-velha-cruzadinha\/\" >\n\t\t\t\tA boa e velha &#8220;cruzadinha&#8221;\t\t\t<\/a>\n\t\t<\/h3>\n\t\t\t\t<div class=\"elementor-post__excerpt\">\n\t\t\t<p>Clique em qualquer fileira e use as dicas para escrever a palavra que melhor se encaixa. Coloque a cabe\u00e7a para funcionar. Cruzadinha \u00e9 gin\u00e1stica para<\/p>\n\t\t<\/div>\n\t\t\n\t\t<a class=\"elementor-post__read-more\" href=\"https:\/\/sistemasgerenciais4.com.br\/escoladolegislativo\/a-boa-e-velha-cruzadinha\/\" aria-label=\"Read more about A boa e velha &#8220;cruzadinha&#8221;\" tabindex=\"-1\" >\n\t\t\tJogar \u00bb\t\t<\/a>\n\n\t\t\t\t<\/div>\n\t\t\t\t<\/article>\n\t\t\t\t<\/div>\n\t\t\n\t\t\t\t<\/div>\n\t\t\t\t<\/div>\n\t\t\t\t<\/div>\n\t\t\t\t\t<\/div>\n\t\t\t\t<\/div>\n\t\t\t\t\t\t\t<\/div>\n\t\t","protected":false},"excerpt":{"rendered":"<p>Presidente: Mariane Silva PapiniVice-presidente: Ricardo Luiz NogueiraDiretora:\u00a0Mayara Oliveira Silva Gouvea (servidora efetiva)Coordenador:\u00a0Rommel Junqueira Fernandes (servidor efetivo) JOGOS DE NOSSAS COLE\u00c7\u00d5ES<\/p>\n","protected":false},"author":1,"featured_media":0,"parent":0,"menu_order":0,"comment_status":"closed","ping_status":"closed","template":"","meta":{"footnotes":""},"class_list":["post-437","page","type-page","status-publish","hentry"],"_links":{"self":[{"href":"https:\/\/sistemasgerenciais4.com.br\/escoladolegislativo\/wp-json\/wp\/v2\/pages\/437","targetHints":{"allow":["GET"]}}],"collection":[{"href":"https:\/\/sistemasgerenciais4.com.br\/escoladolegislativo\/wp-json\/wp\/v2\/pages"}],"about":[{"href":"https:\/\/sistemasgerenciais4.com.br\/escoladolegislativo\/wp-json\/wp\/v2\/types\/page"}],"author":[{"embeddable":true,"href":"https:\/\/sistemasgerenciais4.com.br\/escoladolegislativo\/wp-json\/wp\/v2\/users\/1"}],"replies":[{"embeddable":true,"href":"https:\/\/sistemasgerenciais4.com.br\/escoladolegislativo\/wp-json\/wp\/v2\/comments?post=437"}],"version-history":[{"count":16,"href":"https:\/\/sistemasgerenciais4.com.br\/escoladolegislativo\/wp-json\/wp\/v2\/pages\/437\/revisions"}],"predecessor-version":[{"id":458,"href":"https:\/\/sistemasgerenciais4.com.br\/escoladolegislativo\/wp-json\/wp\/v2\/pages\/437\/revisions\/458"}],"wp:attachment":[{"href":"https:\/\/sistemasgerenciais4.com.br\/escoladolegislativo\/wp-json\/wp\/v2\/media?parent=437"}],"curies":[{"name":"wp","href":"https:\/\/api.w.org\/{rel}","templated":true}]}}